{"id":2192,"date":"2025-04-02T21:26:01","date_gmt":"2025-04-02T19:26:01","guid":{"rendered":"https:\/\/bizarracomms.com\/portfolio\/"},"modified":"2025-10-31T19:56:58","modified_gmt":"2025-10-31T17:56:58","slug":"portfolio","status":"publish","type":"page","link":"https:\/\/bizarracomms.com\/en\/portfolio\/","title":{"rendered":"Portfolio"},"content":{"rendered":"\t\t<div data-elementor-type=\"wp-page\" data-elementor-id=\"2192\" class=\"elementor elementor-2192 elementor-898\">\n\t\t\t\t<div class=\"elementor-element elementor-element-ca031cc e-flex e-con-boxed qodef-elementor-content-no e-con e-parent\" data-id=\"ca031cc\" data-element_type=\"container\" data-e-type=\"container\">\n\t\t\t\t\t<div class=\"e-con-inner\">\n\t\t<div class=\"elementor-element elementor-element-c61180c e-flex e-con-boxed qodef-elementor-content-no e-con e-child\" data-id=\"c61180c\" data-element_type=\"container\" data-e-type=\"container\">\n\t\t\t\t\t<div class=\"e-con-inner\">\n\t\t\t\t<div class=\"elementor-element elementor-element-3cb6186 elementor-widget__width-initial elementor-widget-tablet__width-initial elementor-widget-mobile__width-initial elementor-widget elementor-widget-heading\" data-id=\"3cb6186\" data-element_type=\"widget\" data-e-type=\"widget\" data-widget_type=\"heading.default\">\n\t\t\t\t<div class=\"elementor-widget-container\">\n\t\t\t\t\t<h2 class=\"elementor-heading-title elementor-size-default\">Content for social change<\/h2>\t\t\t\t<\/div>\n\t\t\t\t<\/div>\n\t\t\t\t\t<\/div>\n\t\t\t\t<\/div>\n\t\t\t\t\t<\/div>\n\t\t\t\t<\/div>\n\t\t<div class=\"elementor-element elementor-element-382bd4f e-flex e-con-boxed qodef-elementor-content-no e-con e-parent\" data-id=\"382bd4f\" data-element_type=\"container\" data-e-type=\"container\">\n\t\t\t\t\t<div class=\"e-con-inner\">\n\t\t<div class=\"elementor-element elementor-element-1195cc7 e-flex e-con-boxed qodef-elementor-content-no e-con e-child\" data-id=\"1195cc7\" data-element_type=\"container\" data-e-type=\"container\">\n\t\t\t\t\t<div class=\"e-con-inner\">\n\t\t\t\t<div class=\"elementor-element elementor-element-3797eb2 elementor-widget elementor-widget-heading\" data-id=\"3797eb2\" data-element_type=\"widget\" data-e-type=\"widget\" data-widget_type=\"heading.default\">\n\t\t\t\t<div class=\"elementor-widget-container\">\n\t\t\t\t\t<h2 class=\"elementor-heading-title elementor-size-default\">We transform ideas on sustainability and equity into impactful messages<\/h2>\t\t\t\t<\/div>\n\t\t\t\t<\/div>\n\t\t\t\t<div class=\"elementor-element elementor-element-15fe3c0 elementor-widget elementor-widget-text-editor\" data-id=\"15fe3c0\" data-element_type=\"widget\" data-e-type=\"widget\" data-widget_type=\"text-editor.default\">\n\t\t\t\t<div class=\"elementor-widget-container\">\n\t\t\t\t\t\t\t\t\t<p style=\"text-align: center;\">Explore the projects we\u2019ve developed in collaboration with our clients and discover how we bring each idea to life with passion, creativity and a keen eye for detail.<\/p>\t\t\t\t\t\t\t\t<\/div>\n\t\t\t\t<\/div>\n\t\t\t\t\t<\/div>\n\t\t\t\t<\/div>\n\t\t\t\t<div class=\"elementor-element elementor-element-1555861 elementor-widget elementor-widget-menu-anchor\" data-id=\"1555861\" data-element_type=\"widget\" data-e-type=\"widget\" data-widget_type=\"menu-anchor.default\">\n\t\t\t\t<div class=\"elementor-widget-container\">\n\t\t\t\t\t\t\t<div class=\"elementor-menu-anchor\" id=\"portfolio-ini\"><\/div>\n\t\t\t\t\t\t<\/div>\n\t\t\t\t<\/div>\n\t\t\t\t<div class=\"elementor-element elementor-element-c39fc69 elementor-widget-divider--view-line elementor-widget elementor-widget-divider\" data-id=\"c39fc69\" data-element_type=\"widget\" data-e-type=\"widget\" data-widget_type=\"divider.default\">\n\t\t\t\t<div class=\"elementor-widget-container\">\n\t\t\t\t\t\t\t<div class=\"elementor-divider\">\n\t\t\t<span class=\"elementor-divider-separator\">\n\t\t\t\t\t\t<\/span>\n\t\t<\/div>\n\t\t\t\t\t\t<\/div>\n\t\t\t\t<\/div>\n\t\t\t\t\t<\/div>\n\t\t\t\t<\/div>\n\t\t<div class=\"elementor-element elementor-element-1c8fef2 e-flex e-con-boxed qodef-elementor-content-no e-con e-parent\" data-id=\"1c8fef2\" data-element_type=\"container\" data-e-type=\"container\">\n\t\t\t\t\t<div class=\"e-con-inner\">\n\t\t\t\t<div class=\"elementor-element elementor-element-0653799 elementor-widget elementor-widget-tlp-portfolio\" data-id=\"0653799\" data-element_type=\"widget\" data-e-type=\"widget\" data-widget_type=\"tlp-portfolio.default\">\n\t\t\t\t<div class=\"elementor-widget-container\">\n\t\t\t\t\t<div class='rt-container-fluid tlp-portfolio tlp-portfolio-container is-isotope' id='tlp-portfolio-container-2775540648'><div class=\"rt-row isotope3\"><div class=\"tlp-portfolio-isotope-button button-group filter-button-group option-set\">\r\n\t\t\t\t\t\t\t\t\t\t\t<button data-filter=\"*\" class=\"selected\">Show all<\/button><button data-filter='.digital-design'>Digital Design<\/button><button data-filter='.branding-en'>Branding<\/button><button data-filter='.webs-apps'>Webs\/Apps<\/button><button data-filter='.audiovisual-en'>Audiovisual<\/button><button data-filter='.campaigns'>Campaigns<\/button><button data-filter='.ai-consulting'>AI Consulting<\/button><button data-filter='.content'>Content<\/button><button data-filter='.editorial-en'>Editorial<\/button> <\/div><div class=\"tlp-portfolio-isotope\"><div class='tlp-item tlp-single-item tlp-isotope-item tlp-col-md-4 tlp-col-sm-6 tlp-col-xs-12  audiovisual-en campaigns content'><div class=\"tlp-portfolio-item\"><div class=\"tlp-portfolio-thum tlp-item\"><figure><img fetchpriority=\"high\" decoding=\"async\" width=\"353\" height=\"407\" src=\"https:\/\/bizarracomms.com\/wp-content\/uploads\/2025\/10\/project_image_wataa.png\" class=\"img-responsive\" alt=\"\" \/><\/figure><div class=\"tlp-overlay\"><p class=\"link-icon\"><a target=\"_self\" href=\"https:\/\/bizarracomms.com\/en\/portfolio\/vudiovisual-production-and-social-media\/\"><i class=\"demo-icon icon-link-ext\"><\/i><\/a><\/p><\/div><\/div><div class=\"tlp-content\"><div class=\"tlp-content-holder\"><h3><a target=\"_self\" href=\"https:\/\/bizarracomms.com\/en\/portfolio\/vudiovisual-production-and-social-media\/\">Audiovisual production and social media <\/a><\/h3> <div class=\"tlp-portfolio-sd\">Wa-t\u00e1a<\/div> <\/div><\/div><\/div><\/div><div class='tlp-item tlp-single-item tlp-isotope-item tlp-col-md-4 tlp-col-sm-6 tlp-col-xs-12  branding-en webs-apps campaigns'><div class=\"tlp-portfolio-item\"><div class=\"tlp-portfolio-thum tlp-item\"><figure><img decoding=\"async\" width=\"353\" height=\"407\" src=\"https:\/\/bizarracomms.com\/wp-content\/uploads\/2025\/10\/project_image_acustika.png\" class=\"img-responsive\" alt=\"\" \/><\/figure><div class=\"tlp-overlay\"><p class=\"link-icon\"><a target=\"_self\" href=\"https:\/\/bizarracomms.com\/en\/portfolio\/visual-identity-web-development-and-social-media\/\"><i class=\"demo-icon icon-link-ext\"><\/i><\/a><\/p><\/div><\/div><div class=\"tlp-content\"><div class=\"tlp-content-holder\"><h3><a target=\"_self\" href=\"https:\/\/bizarracomms.com\/en\/portfolio\/visual-identity-web-development-and-social-media\/\">Visual identity, web development, and social media <\/a><\/h3> <div class=\"tlp-portfolio-sd\">Ac\u00fastika<\/div> <\/div><\/div><\/div><\/div><div class='tlp-item tlp-single-item tlp-isotope-item tlp-col-md-4 tlp-col-sm-6 tlp-col-xs-12  editorial-en'><div class=\"tlp-portfolio-item\"><div class=\"tlp-portfolio-thum tlp-item\"><figure><img decoding=\"async\" width=\"3241\" height=\"4051\" src=\"https:\/\/bizarracomms.com\/wp-content\/uploads\/2025\/10\/WEB_Portada.png\" class=\"img-responsive\" alt=\"Portada de informe Estudio sobre las Libertades de Expresi\u00f3n y de Prensa en Panam\u00e1.\" \/><\/figure><div class=\"tlp-overlay\"><p class=\"link-icon\"><a target=\"_self\" href=\"https:\/\/bizarracomms.com\/en\/portfolio\/editorial-design-layout-and-printing\/\"><i class=\"demo-icon icon-link-ext\"><\/i><\/a><\/p><\/div><\/div><div class=\"tlp-content\"><div class=\"tlp-content-holder\"><h3><a target=\"_self\" href=\"https:\/\/bizarracomms.com\/en\/portfolio\/editorial-design-layout-and-printing\/\">Editorial design, layout, and printing <\/a><\/h3> <div class=\"tlp-portfolio-sd\">Particip GmbH<\/div> <\/div><\/div><\/div><\/div><div class='tlp-item tlp-single-item tlp-isotope-item tlp-col-md-4 tlp-col-sm-6 tlp-col-xs-12  editorial-en'><div class=\"tlp-portfolio-item\"><div class=\"tlp-portfolio-thum tlp-item\"><figure><img loading=\"lazy\" decoding=\"async\" width=\"353\" height=\"407\" src=\"https:\/\/bizarracomms.com\/wp-content\/uploads\/2025\/10\/project_image_chaman.png\" class=\"img-responsive\" alt=\"\" \/><\/figure><div class=\"tlp-overlay\"><p class=\"link-icon\"><a target=\"_self\" href=\"https:\/\/bizarracomms.com\/en\/portfolio\/editorial-design-layout-and-printing-2\/\"><i class=\"demo-icon icon-link-ext\"><\/i><\/a><\/p><\/div><\/div><div class=\"tlp-content\"><div class=\"tlp-content-holder\"><h3><a target=\"_self\" href=\"https:\/\/bizarracomms.com\/en\/portfolio\/editorial-design-layout-and-printing-2\/\">Editorial design, layout, and printing <\/a><\/h3> <div class=\"tlp-portfolio-sd\">Ciudad del Saber Foundation<\/div> <\/div><\/div><\/div><\/div><div class='tlp-item tlp-single-item tlp-isotope-item tlp-col-md-4 tlp-col-sm-6 tlp-col-xs-12  digital-design branding-en audiovisual-en campaigns content'><div class=\"tlp-portfolio-item\"><div class=\"tlp-portfolio-thum tlp-item\"><figure><img loading=\"lazy\" decoding=\"async\" width=\"353\" height=\"407\" src=\"https:\/\/bizarracomms.com\/wp-content\/uploads\/2025\/06\/Antakarana_project_image.jpg\" class=\"img-responsive\" alt=\"\" \/><\/figure><div class=\"tlp-overlay\"><p class=\"link-icon\"><a target=\"_self\" href=\"https:\/\/bizarracomms.com\/en\/portfolio\/visual-identity-and-social-media-strategy\/\"><i class=\"demo-icon icon-link-ext\"><\/i><\/a><\/p><\/div><\/div><div class=\"tlp-content\"><div class=\"tlp-content-holder\"><h3><a target=\"_self\" href=\"https:\/\/bizarracomms.com\/en\/portfolio\/visual-identity-and-social-media-strategy\/\">Visual identity and social media strategy <\/a><\/h3> <div class=\"tlp-portfolio-sd\">Antakarana<\/div> <\/div><\/div><\/div><\/div><div class='tlp-item tlp-single-item tlp-isotope-item tlp-col-md-4 tlp-col-sm-6 tlp-col-xs-12  content editorial-en'><div class=\"tlp-portfolio-item\"><div class=\"tlp-portfolio-thum tlp-item\"><figure><img loading=\"lazy\" decoding=\"async\" width=\"353\" height=\"407\" src=\"https:\/\/bizarracomms.com\/wp-content\/uploads\/2025\/10\/project_image_cifi_reporte_2.png\" class=\"img-responsive\" alt=\"\" \/><\/figure><div class=\"tlp-overlay\"><p class=\"link-icon\"><a target=\"_self\" href=\"https:\/\/bizarracomms.com\/en\/portfolio\/editorial-design-editing-and-content-development\/\"><i class=\"demo-icon icon-link-ext\"><\/i><\/a><\/p><\/div><\/div><div class=\"tlp-content\"><div class=\"tlp-content-holder\"><h3><a target=\"_self\" href=\"https:\/\/bizarracomms.com\/en\/portfolio\/editorial-design-editing-and-content-development\/\">Editorial design, editing, and content development <\/a><\/h3> <div class=\"tlp-portfolio-sd\">CIFI<\/div> <\/div><\/div><\/div><\/div><div class='tlp-item tlp-single-item tlp-isotope-item tlp-col-md-4 tlp-col-sm-6 tlp-col-xs-12  digital-design branding-en webs-apps'><div class=\"tlp-portfolio-item\"><div class=\"tlp-portfolio-thum tlp-item\"><figure><img loading=\"lazy\" decoding=\"async\" width=\"353\" height=\"407\" src=\"https:\/\/bizarracomms.com\/wp-content\/uploads\/2025\/04\/project_image.png\" class=\"img-responsive\" alt=\"\" \/><\/figure><div class=\"tlp-overlay\"><p class=\"link-icon\"><a target=\"_self\" href=\"https:\/\/bizarracomms.com\/en\/portfolio\/visual-identity-and-web-development\/\"><i class=\"demo-icon icon-link-ext\"><\/i><\/a><\/p><\/div><\/div><div class=\"tlp-content\"><div class=\"tlp-content-holder\"><h3><a target=\"_self\" href=\"https:\/\/bizarracomms.com\/en\/portfolio\/visual-identity-and-web-development\/\">Visual identity and web development <\/a><\/h3> <div class=\"tlp-portfolio-sd\">Bizarra<\/div> <\/div><\/div><\/div><\/div><div class='tlp-item tlp-single-item tlp-isotope-item tlp-col-md-4 tlp-col-sm-6 tlp-col-xs-12  editorial-en'><div class=\"tlp-portfolio-item\"><div class=\"tlp-portfolio-thum tlp-item\"><figure><img loading=\"lazy\" decoding=\"async\" width=\"353\" height=\"407\" src=\"https:\/\/bizarracomms.com\/wp-content\/uploads\/2025\/04\/project_image-CiudadSaber_pronto.png\" class=\"img-responsive\" alt=\"\" \/><\/figure><div class=\"tlp-overlay\"><p class=\"link-icon\"><a target=\"_self\" href=\"https:\/\/bizarracomms.com\/en\/portfolio\/editorial-design-and-infographics\/\"><i class=\"demo-icon icon-link-ext\"><\/i><\/a><\/p><\/div><\/div><div class=\"tlp-content\"><div class=\"tlp-content-holder\"><h3><a target=\"_self\" href=\"https:\/\/bizarracomms.com\/en\/portfolio\/editorial-design-and-infographics\/\">Editorial design and infographics <\/a><\/h3> <div class=\"tlp-portfolio-sd\">Ciudad del Saber<\/div> <\/div><\/div><\/div><\/div><div class='tlp-item tlp-single-item tlp-isotope-item tlp-col-md-4 tlp-col-sm-6 tlp-col-xs-12  content editorial-en'><div class=\"tlp-portfolio-item\"><div class=\"tlp-portfolio-thum tlp-item\"><figure><img loading=\"lazy\" decoding=\"async\" width=\"353\" height=\"407\" src=\"https:\/\/bizarracomms.com\/wp-content\/uploads\/2025\/04\/BIZARRA_Editorial-design-and-content-editing-of-a-CIFI-corporate-report.png\" class=\"img-responsive\" alt=\"Editorial design and content editing of a CIFI corporate report.\" \/><\/figure><div class=\"tlp-overlay\"><p class=\"link-icon\"><a target=\"_self\" href=\"https:\/\/bizarracomms.com\/en\/portfolio\/cifi-editorial-design-and-report-editing\/\"><i class=\"demo-icon icon-link-ext\"><\/i><\/a><\/p><\/div><\/div><div class=\"tlp-content\"><div class=\"tlp-content-holder\"><h3><a target=\"_self\" href=\"https:\/\/bizarracomms.com\/en\/portfolio\/cifi-editorial-design-and-report-editing\/\">Editorial design and report editing <\/a><\/h3> <div class=\"tlp-portfolio-sd\">CIFI<\/div> <\/div><\/div><\/div><\/div><div class='tlp-item tlp-single-item tlp-isotope-item tlp-col-md-4 tlp-col-sm-6 tlp-col-xs-12  digital-design webs-apps'><div class=\"tlp-portfolio-item\"><div class=\"tlp-portfolio-thum tlp-item\"><figure><img loading=\"lazy\" decoding=\"async\" width=\"353\" height=\"407\" src=\"https:\/\/bizarracomms.com\/wp-content\/uploads\/2025\/04\/project_image_cifi_pronto.png\" class=\"img-responsive\" alt=\"\" \/><\/figure><div class=\"tlp-overlay\"><p class=\"link-icon\"><a target=\"_self\" href=\"https:\/\/bizarracomms.com\/en\/portfolio\/web-design-and-development\/\"><i class=\"demo-icon icon-link-ext\"><\/i><\/a><\/p><\/div><\/div><div class=\"tlp-content\"><div class=\"tlp-content-holder\"><h3><a target=\"_self\" href=\"https:\/\/bizarracomms.com\/en\/portfolio\/web-design-and-development\/\">Web design and development <\/a><\/h3> <div class=\"tlp-portfolio-sd\">CIFI<\/div> <\/div><\/div><\/div><\/div> <\/div><\/div><\/div>\t\t\t\t<\/div>\n\t\t\t\t<\/div>\n\t\t\t\t\t<\/div>\n\t\t\t\t<\/div>\n\t\t<div class=\"elementor-element elementor-element-1203fad1 e-flex e-con-boxed qodef-elementor-content-no e-con e-parent\" data-id=\"1203fad1\" data-element_type=\"container\" data-e-type=\"container\">\n\t\t\t\t\t<div class=\"e-con-inner\">\n\t\t\t\t\t<\/div>\n\t\t\t\t<\/div>\n\t\t\t\t<\/div>\n\t\t","protected":false},"excerpt":{"rendered":"<p>Content for social change We transform ideas on sustainability and equity into impactful messages Explore the projects we\u2019ve developed in collaboration with our clients and discover how we bring each idea to life with passion, creativity and a keen eye for detail. Mostrar todoCampa\u00f1asBrandingDise\u00f1o DigitalEditorialAudiovisualContenidosWebs\/AppsConsultor\u00eda IA Identidad visual, desarrollo web y redes sociales Ac\u00fastika Dise\u00f1o [&hellip;]<\/p>\n","protected":false},"author":2,"featured_media":0,"parent":0,"menu_order":0,"comment_status":"closed","ping_status":"closed","template":"elementor_header_footer","meta":{"_acf_changed":false,"footnotes":""},"class_list":["post-2192","page","type-page","status-publish","hentry"],"acf":[],"aioseo_notices":[],"_links":{"self":[{"href":"https:\/\/bizarracomms.com\/en\/wp-json\/wp\/v2\/pages\/2192","targetHints":{"allow":["GET"]}}],"collection":[{"href":"https:\/\/bizarracomms.com\/en\/wp-json\/wp\/v2\/pages"}],"about":[{"href":"https:\/\/bizarracomms.com\/en\/wp-json\/wp\/v2\/types\/page"}],"author":[{"embeddable":true,"href":"https:\/\/bizarracomms.com\/en\/wp-json\/wp\/v2\/users\/2"}],"replies":[{"embeddable":true,"href":"https:\/\/bizarracomms.com\/en\/wp-json\/wp\/v2\/comments?post=2192"}],"version-history":[{"count":27,"href":"https:\/\/bizarracomms.com\/en\/wp-json\/wp\/v2\/pages\/2192\/revisions"}],"predecessor-version":[{"id":3178,"href":"https:\/\/bizarracomms.com\/en\/wp-json\/wp\/v2\/pages\/2192\/revisions\/3178"}],"wp:attachment":[{"href":"https:\/\/bizarracomms.com\/en\/wp-json\/wp\/v2\/media?parent=2192"}],"curies":[{"name":"wp","href":"https:\/\/api.w.org\/{rel}","templated":true}]}}